{"id":62488,"date":"2025-11-20T16:02:11","date_gmt":"2025-11-20T15:02:11","guid":{"rendered":"https:\/\/rissa.pl\/?post_type=product&#038;p=62488"},"modified":"2025-11-20T16:09:30","modified_gmt":"2025-11-20T15:09:30","slug":"komplet-bielizny-koronkowej-nolis","status":"publish","type":"product","link":"https:\/\/rissa.pl\/?product=komplet-bielizny-koronkowej-nolis","title":{"rendered":"Komplet bielizny koronkowej Nolis"},"content":{"rendered":"<p>Lorem ipsum dolor sit amet, consectetur adipiscing elit. Vivamus interdum felis a ipsum suscipit, a dictum lacus auctor. Curabitur sodales libero id justo tristique, sed dapibus ligula interdum. Cras consequat sapien non est malesuada, vitae sagittis urna dapibus. Sed euismod, nisi in convallis consequat, augue velit pharetra est, eget aliquam elit metus maximus libero. Pellentesque iaculis metus eu nisl fermentum, vitae convallis risus porta.<\/p>\n<p>&nbsp;<\/p>\n<p>Cechy produktu:<\/p>\n<p>Lorem ipsum dolor sit amet, consectetur adipiscing elit<\/p>\n<p>Suspendisse fermentum ligula vel neque porttitor placerat<\/p>\n<p>Vivamus congue elit a libero sodales, nec bibendum augue dictum<\/p>\n<p>Aliquam eget ligula id nibh vestibulum luctus sit amet et risus<\/p>\n<p>Mauris tincidunt ipsum ac mauris hendrerit, a pulvinar lectus varius<\/p>\n<p>Aenean egestas nibh vel velit gravida, quis suscipit dui accumsan<\/p>\n<p>Podsumowanie testowe lorem ipsum dolor sit amet, consectetur adipiscing elit. Komplet bielizny koronkowej Mivia prezentuje przejrzyst\u0105 struktur\u0119 opisu i pozwala zobaczy\u0107 dok\u0142adnie, jak tekst b\u0119dzie rozmieszczony na stronie. Dzi\u0119ki temu mo\u017cesz \u0142atwo oceni\u0107 d\u0142ugo\u015b\u0107, uk\u0142ad i wizualny komfort czytania.<\/p>\n","protected":false},"excerpt":{"rendered":"<p>Lorem ipsum dolor sit amet, consectetur adipiscing elit. Vivamus interdum felis a ipsum suscipit, a dictum lacus auctor.<\/p>\n","protected":false},"featured_media":62489,"comment_status":"open","ping_status":"closed","template":"","meta":[],"product_brand":[],"product_cat":[15,39],"product_tag":[],"class_list":{"0":"post-62488","1":"product","2":"type-product","3":"status-publish","4":"has-post-thumbnail","6":"product_cat-uncategorized","7":"product_cat-bikini-sets","10":"first","11":"instock","12":"sale","13":"shipping-taxable","14":"purchasable","15":"product-type-simple"},"_links":{"self":[{"href":"https:\/\/rissa.pl\/index.php?rest_route=\/wp\/v2\/product\/62488","targetHints":{"allow":["GET"]}}],"collection":[{"href":"https:\/\/rissa.pl\/index.php?rest_route=\/wp\/v2\/product"}],"about":[{"href":"https:\/\/rissa.pl\/index.php?rest_route=\/wp\/v2\/types\/product"}],"replies":[{"embeddable":true,"href":"https:\/\/rissa.pl\/index.php?rest_route=%2Fwp%2Fv2%2Fcomments&post=62488"}],"wp:featuredmedia":[{"embeddable":true,"href":"https:\/\/rissa.pl\/index.php?rest_route=\/wp\/v2\/media\/62489"}],"wp:attachment":[{"href":"https:\/\/rissa.pl\/index.php?rest_route=%2Fwp%2Fv2%2Fmedia&parent=62488"}],"wp:term":[{"taxonomy":"product_brand","embeddable":true,"href":"https:\/\/rissa.pl\/index.php?rest_route=%2Fwp%2Fv2%2Fproduct_brand&post=62488"},{"taxonomy":"product_cat","embeddable":true,"href":"https:\/\/rissa.pl\/index.php?rest_route=%2Fwp%2Fv2%2Fproduct_cat&post=62488"},{"taxonomy":"product_tag","embeddable":true,"href":"https:\/\/rissa.pl\/index.php?rest_route=%2Fwp%2Fv2%2Fproduct_tag&post=62488"}],"curies":[{"name":"wp","href":"https:\/\/api.w.org\/{rel}","templated":true}]}}